{"id":96,"date":"2021-11-21T17:50:35","date_gmt":"2021-11-21T17:50:35","guid":{"rendered":"https:\/\/ceursis.cunbm.utcluj.ro\/?page_id=96"},"modified":"2021-11-24T11:55:08","modified_gmt":"2021-11-24T11:55:08","slug":"programme-2","status":"publish","type":"page","link":"https:\/\/ceursis.cunbm.utcluj.ro\/?page_id=96","title":{"rendered":"Programme"},"content":{"rendered":"\n<p><strong>SCHEDULE of ACTIVITIES<\/strong><\/p>\n\n\n\n<p>FRIDAY November 26<sup>th<\/sup>, 2021<\/p>\n\n\n\n<figure class=\"wp-block-table is-style-stripes\"><table><tbody><tr><td> <strong>10.00- 10.15<\/strong> <\/td><td> <strong>OPENING OF CONFERENCE<\/strong> <br> <strong>PLENARY SESSION.<\/strong> <strong>Opening speeches<\/strong> <\/td><\/tr><tr><td> <strong>10.15 \u2013 14.00<\/strong> <\/td><td> <strong>THEMATIC SESSIONS (Parallel rooms)<\/strong> <\/td><\/tr><tr><td> <strong>14.15<\/strong> <\/td><td> <strong>CONCLUSIONS. PLENARY SESSION<\/strong> <strong>CLOSING OF CONFERENCE<\/strong> <\/td><\/tr><\/tbody><\/table><\/figure>\n\n\n\n<p><strong>PAPERS IN THEMATIC SESSIONS<\/strong><\/p>\n\n\n\n<p class=\"has-vivid-cyan-blue-color has-text-color has-medium-font-size\"><strong>Section 1A: Manufacturing Technologies<\/strong><\/p>\n\n\n\n<p><strong>Section Chair: Prof. Jozef Peterka \/ Prof. Traian Cicone<\/strong><\/p>\n\n\n\n<figure class=\"wp-block-table is-style-stripes\"><table><tbody><tr><td><\/td><td><em>Ana-Maria CIOBANU, Ioana Arabela CIOBANU<\/em><br><strong>Kerf profile analysis and acceleration modeling based on material S235 thickness CO<sub>2<\/sub> laser-cut sheet metal neural networks <\/strong><\/td><\/tr><tr><td><\/td><td><\/td><\/tr><tr><td><\/td><td><em>Ioana Arabela CIOBANU, Ana-Maria CIOBANU<\/em><br><strong>Optimization of production processes on the rotary regenerative air preheater<\/strong><\/td><\/tr><tr><td><\/td><td><\/td><\/tr><tr><td><\/td><td><em>Dinu DARABA, Catalin DARABA, Marius COSMA, Gheorghe-Toma HORINCAR<\/em><br><strong>A Comparative Study Regarding Monoblock CNC Milling Processing<\/strong><\/td><\/tr><tr><td><\/td><td><\/td><\/tr><tr><td><\/td><td><em>Vlad DICIUC, Ionu\u021b PA\u0218CA<\/em><br><strong>Study on obtaining the 3D model of a groove box cam by the reverse engineering method<\/strong><\/td><\/tr><tr><td><\/td><td><\/td><\/tr><tr><td><\/td><td><em>Ionut GOLOMAN<\/em><br><strong>Lamination of metal slat profiles<\/strong><\/td><\/tr><tr><td><\/td><td><\/td><\/tr><tr><td><\/td><td><em>R\u00f3bert KOV\u00c1CS, R\u00f3bert Zsolt KERESZTES, P\u00e9ter Em\u0151d KORZENSZKY<\/em><br><strong>Research on the turning of technical polymers<\/strong><\/td><\/tr><tr><td><\/td><td><\/td><\/tr><tr><td><\/td><td><em>Jozef MARTINOVI\u010c, Jozef PETERKA<\/em><br><strong>Posibilities of Use of Statistical Methods in the Technology of Broaching of Internal Contoured Surfaces<\/strong><\/td><\/tr><tr><td><\/td><td><\/td><\/tr><tr><td><\/td><td><em>Jozef MARTINOVI\u010c, Jozef PETERKA<\/em><br><strong>Roughness of Machined Surfaces in the Technology of Broaching Inner Shaped Contours<\/strong><\/td><\/tr><\/tbody><\/table><\/figure>\n\n\n\n<p class=\"has-vivid-cyan-blue-color has-text-color has-medium-font-size\"><strong>Section 1B: Manufacturing Technologies<\/strong><\/p>\n\n\n\n<p><strong>Section Chair: Assoc. Prof. Mihai B\u0103nic\u0103<\/strong> \/ <strong>Prof. Lauren\u021biu Sl\u0103tineanu<\/strong><\/p>\n\n\n\n<figure class=\"wp-block-table is-style-stripes\"><table><tbody><tr><td><\/td><td><em>Nicolae MEDAN<\/em><br><strong>Modelling and Simulating a Technological Flow Using the FlexSim Application<\/strong><\/td><\/tr><tr><td><\/td><td><\/td><\/tr><tr><td><\/td><td><em>Dumitru PANDURU, Emil Nicusor PATRU, Nicolae CRACIUNOIU, Marin BICA<\/em><br><strong>Aspects regarding the specific energy and temperature in turning of pure titanium<\/strong><\/td><\/tr><tr><td><\/td><td><\/td><\/tr><tr><td><\/td><td><em>Emil Nicusor P\u0102TRU, Dumitru PANDURU,Nicolae CRACIUNOIU, Marin BICA<\/em><br><strong>Researches on the specific energy and interface tool-chip temperature during milling of aluminum alloys<\/strong><\/td><\/tr><tr><td><\/td><td><\/td><\/tr><tr><td><\/td><td><em>Ion SURUGIU, Margareta COTEA\u021a\u0102, Lauren\u021biu SL\u0102TINEANU, Adelina HRI\u021aUC<\/em><br><strong>Influence of Input Factors on Certain Characteristics of the Electrochemical Engraving Process<\/strong><\/td><\/tr><tr><td><\/td><td><\/td><\/tr><tr><td><\/td><td><em>Aurel Mihail \u021a\u00ce\u021aU, Alina Bianca POP<\/em><br><strong>Using the factorial experiment to optimize the injection regime of a coil body<\/strong><\/td><\/tr><tr><td><\/td><td><\/td><\/tr><tr><td><\/td><td><em>R\u0103zvan Cosmin STAVARACHE, Vasile ERMOLAI, Marius Ionut RIPANU, Liviu ANDRU\u0218C\u0102, Marian-Ani\u0219or MARE\u0218, Oana DODUN<\/em><br><strong>Process parameters optimization of Fused Filament Fabrication parts for enhanced mechanical properties<\/strong><\/td><\/tr><\/tbody><\/table><\/figure>\n\n\n\n<p class=\"has-vivid-cyan-blue-color has-text-color has-medium-font-size\"><strong>Section 2: Management of Technology<\/strong><\/p>\n\n\n\n<p><strong>Section Chair: Prof. Dan S\u0103vescu \/ Prof. Nicolae Ungureanu<\/strong><\/p>\n\n\n\n<figure class=\"wp-block-table is-style-stripes\"><table><tbody><tr><td><\/td><td><em>Elena Cristina ANGHEL (VL\u0102DESCU), Robert Gheorghe VL\u0102DESCU<\/em><br><strong>Automatic systems for supervising the technical managerial act<\/strong><\/td><\/tr><tr><td><\/td><td><\/td><\/tr><tr><td><\/td><td><em>Mihai DEMIAN, Luminita GRECU, Gabriela DEMIAN<\/em><br><strong>Using Decision Tools to Analyze the Impact of Technological Management on Sustainable Development<\/strong><\/td><\/tr><tr><td><\/td><td><\/td><\/tr><tr><td><\/td><td><em>Raul Florentin DREN\u0162A, Diana-Elena MICLE, Dan Adrian POP<\/em><br><strong>Technology adoption. Element of diffusion theory <\/strong><\/td><\/tr><tr><td><\/td><td><\/td><\/tr><tr><td><\/td><td><em>Raul Florentin DREN\u0162A, Nicolae Stelian UNGUREANU<\/em><br><strong>The long-term effects of technology diffusion<\/strong><\/td><\/tr><tr><td><\/td><td><\/td><\/tr><tr><td><\/td><td><em>C\u0103lin D. POP<\/em><br><strong>Dynamics of Economic and Financial Risks in SMEs<\/strong><\/td><\/tr><tr><td><\/td><td><\/td><\/tr><tr><td><\/td><td><em>C\u0103lin POP, Raul Florentin DREN\u0162A, Nicolae Stelian UNGUREANU<\/em><br><strong>Management risks &#8211; evaluation and minimization. Screening article<\/strong><\/td><\/tr><\/tbody><\/table><\/figure>\n\n\n\n<p class=\"has-vivid-cyan-blue-color has-text-color has-medium-font-size\"><strong>Section 3: &nbsp; Machine Elements and Tribology;&nbsp;Maintenance, Reliability and Logistics<\/strong><\/p>\n\n\n\n<p><strong>Section Chair: Prof Gabor Kalacska \/ Assoc. Prof. Victor Marian<\/strong><\/p>\n\n\n\n<figure class=\"wp-block-table is-style-stripes\"><table><tbody><tr><td><\/td><td><em>Ioan Marius ALEXANDRESCU, Radu COTETIU, Adriana COTETIU<\/em><br><strong>The Behavior of the Lubricant Film to Dynamic Stress at a Radial Bearing with HD Lubrication<\/strong><\/td><\/tr><tr><td><\/td><td><\/td><\/tr><tr><td><\/td><td><em>Roland BICZ\u00d3, G\u00e1bor KAL\u00c1CSKA<\/em><br><strong>Novel sample creation methods and mechanical modeling of dry friction fibre reinforced hybrid composite clutch facings<\/strong><\/td><\/tr><tr><td><\/td><td><\/td><\/tr><tr><td><\/td><td><em>Viktor ERD\u00c9LYI, L\u00e1szl\u00f3 F\u00d6LDI, J\u00e1nos BUZ\u00c1S, J\u00e1nos T\u00d3TH<\/em><br><strong>Temperature Control of Liquid Working Medium Operated Heating Plates<\/strong><\/td><\/tr><tr><td><\/td><td><\/td><\/tr><tr><td><\/td><td><em>Petric\u0103 TURTOI, Alice MARINESCU, Vladislav COTELEA, Traian CICONE<\/em><br><strong>Experimental assessment of the wear preventive characteristics of waste-recovered biodegradable total-loss lubricants produced from sunflower oil<\/strong><\/td><\/tr><\/tbody><\/table><\/figure>\n\n\n\n<p class=\"has-vivid-cyan-blue-color has-text-color has-medium-font-size\"><strong>Section 4: Mechatronics, Robotics and Automation; Industrial and Product Design<\/strong><\/p>\n\n\n\n<p><strong>Section Chair: &#8211; Prof. Simion Harag\u00e2\u0219 \/Prof. Radu Cotetiu<\/strong><\/p>\n\n\n\n<figure class=\"wp-block-table is-style-stripes\"><table><tbody><tr><td><\/td><td><em>Mihai George ARDELEAN, Vasile NASUI<\/em><br><strong>Reverse engineering in the automotive industry<\/strong><\/td><\/tr><tr><td><\/td><td><\/td><\/tr><tr><td><\/td><td><em>George BALASOIU, Valentin AMORTILA, Sorin CIORTAN, Mihaela BUCIUMEANU<\/em><br><strong>Comparison Between Organic, Metallic and Semi-Metallic Brake Pads &#8211; a Critical Review<\/strong><\/td><\/tr><tr><td><\/td><td><\/td><\/tr><tr><td><\/td><td><em>Ionut Ciprian B\u00ceRSAN<\/em><br><strong>Optimization of linear electromechanical actuators<\/strong><\/td><\/tr><tr><td><\/td><td><\/td><\/tr><tr><td><\/td><td><em>Szabolcs P\u00c1GER, Antal VERES, G\u00e1bor G\u00c9CZI, L\u00e1szl\u00f3 F\u00d6LDI<\/em><br><strong>Energy simulation based on a mathematical model of a residential building<\/strong><\/td><\/tr><\/tbody><\/table><\/figure>\n","protected":false},"excerpt":{"rendered":"<p>SCHEDULE of ACTIVITIES FRIDAY November 26th, 2021 10.00- 10.15 OPENING OF CONFERENCE PLENARY SESSION. Opening speeches 10.15 \u2013 14.00 THEMATIC SESSIONS (Parallel rooms) 14.15 CONCLUSIONS. PLENARY SESSION CLOSING OF CONFERENCE PAPERS IN THEMATIC SESSIONS Section 1A: Manufacturing Technologies Section Chair: Prof. Jozef Peterka \/ Prof. Traian Cicone Ana-Maria CIOBANU, Ioana Arabela CIOBANUKerf profile analysis and [&hellip;]<\/p>\n","protected":false},"author":1,"featured_media":0,"parent":0,"menu_order":0,"comment_status":"closed","ping_status":"closed","template":"","meta":{"footnotes":""},"class_list":["post-96","page","type-page","status-publish","hentry"],"_links":{"self":[{"href":"https:\/\/ceursis.cunbm.utcluj.ro\/index.php?rest_route=\/wp\/v2\/pages\/96","targetHints":{"allow":["GET"]}}],"collection":[{"href":"https:\/\/ceursis.cunbm.utcluj.ro\/index.php?rest_route=\/wp\/v2\/pages"}],"about":[{"href":"https:\/\/ceursis.cunbm.utcluj.ro\/index.php?rest_route=\/wp\/v2\/types\/page"}],"author":[{"embeddable":true,"href":"https:\/\/ceursis.cunbm.utcluj.ro\/index.php?rest_route=\/wp\/v2\/users\/1"}],"replies":[{"embeddable":true,"href":"https:\/\/ceursis.cunbm.utcluj.ro\/index.php?rest_route=%2Fwp%2Fv2%2Fcomments&post=96"}],"version-history":[{"count":8,"href":"https:\/\/ceursis.cunbm.utcluj.ro\/index.php?rest_route=\/wp\/v2\/pages\/96\/revisions"}],"predecessor-version":[{"id":137,"href":"https:\/\/ceursis.cunbm.utcluj.ro\/index.php?rest_route=\/wp\/v2\/pages\/96\/revisions\/137"}],"wp:attachment":[{"href":"https:\/\/ceursis.cunbm.utcluj.ro\/index.php?rest_route=%2Fwp%2Fv2%2Fmedia&parent=96"}],"curies":[{"name":"wp","href":"https:\/\/api.w.org\/{rel}","templated":true}]}}